{"id":62,"date":"2025-01-26T08:08:03","date_gmt":"2025-01-26T08:08:03","guid":{"rendered":"https:\/\/store.rabbi-yosef-garmon.com\/?post_type=product&#038;p=62"},"modified":"2025-01-26T08:20:03","modified_gmt":"2025-01-26T08:20:03","slug":"alrededor-del-mundo-con-la-biblia","status":"publish","type":"product","link":"https:\/\/store.rabbi-yosef-garmon.com\/?product=alrededor-del-mundo-con-la-biblia","title":{"rendered":"Alrededor del mundo con la Biblia"},"content":{"rendered":"<p>Este es el cuarto libro del Rabino Yosef Garmon, que fue escrito durante sus largos vuelos entre continentes y pa\u00edses. Como parte del intercambio de culturas, tambi\u00e9n intercambi\u00f3 ideas con personalidades que conoci\u00f3 en el camino y las incorpor\u00f3 a las lecturas semanales. &#8220;Alrededor del Mundo&#8221; no es s\u00f3lo el nombre del libro, sino un reflejo de la historia del pueblo de Israel, que vag\u00f3 por todo el mundo, cambi\u00f3 de pa\u00eds, y mientras surg\u00edan y desaparec\u00edan culturas, se mantuvo fiel a la misma herencia. La lectura semanal es nuestro espejo, e incluso si cambiamos, todav\u00eda podemos encontrarnos all\u00ed, en la Biblia antigua.<\/p>\n","protected":false},"excerpt":{"rendered":"<p>Este es el cuarto libro del Rabino Yosef Garmon, que fue escrito durante sus largos vuelos entre continentes y pa\u00edses. Como parte del intercambio de culturas, tambi\u00e9n intercambi\u00f3 ideas con personalidades que conoci\u00f3 en el camino y las incorpor\u00f3 a las lecturas semanales. &#8220;Alrededor del Mundo&#8221; no es s\u00f3lo el nombre del libro, sino un [&hellip;]<\/p>\n","protected":false},"featured_media":63,"comment_status":"open","ping_status":"closed","template":"","meta":[],"product_cat":[15],"product_tag":[],"class_list":{"0":"post-62","1":"product","2":"type-product","3":"status-publish","4":"has-post-thumbnail","6":"product_cat-uncategorized","8":"first","9":"instock","10":"downloadable","11":"virtual","12":"purchasable","13":"product-type-simple"},"_links":{"self":[{"href":"https:\/\/store.rabbi-yosef-garmon.com\/index.php?rest_route=\/wp\/v2\/product\/62","targetHints":{"allow":["GET"]}}],"collection":[{"href":"https:\/\/store.rabbi-yosef-garmon.com\/index.php?rest_route=\/wp\/v2\/product"}],"about":[{"href":"https:\/\/store.rabbi-yosef-garmon.com\/index.php?rest_route=\/wp\/v2\/types\/product"}],"replies":[{"embeddable":true,"href":"https:\/\/store.rabbi-yosef-garmon.com\/index.php?rest_route=%2Fwp%2Fv2%2Fcomments&post=62"}],"wp:featuredmedia":[{"embeddable":true,"href":"https:\/\/store.rabbi-yosef-garmon.com\/index.php?rest_route=\/wp\/v2\/media\/63"}],"wp:attachment":[{"href":"https:\/\/store.rabbi-yosef-garmon.com\/index.php?rest_route=%2Fwp%2Fv2%2Fmedia&parent=62"}],"wp:term":[{"taxonomy":"product_cat","embeddable":true,"href":"https:\/\/store.rabbi-yosef-garmon.com\/index.php?rest_route=%2Fwp%2Fv2%2Fproduct_cat&post=62"},{"taxonomy":"product_tag","embeddable":true,"href":"https:\/\/store.rabbi-yosef-garmon.com\/index.php?rest_route=%2Fwp%2Fv2%2Fproduct_tag&post=62"}],"curies":[{"name":"wp","href":"https:\/\/api.w.org\/{rel}","templated":true}]}}